{"id":1280,"date":"2017-07-04T14:20:24","date_gmt":"2017-07-04T14:20:24","guid":{"rendered":"http:\/\/texti.me\/atewa\/index.php\/one-page-express\/"},"modified":"2020-08-05T11:35:04","modified_gmt":"2020-08-05T11:35:04","slug":"one-page-express","status":"publish","type":"page","link":"https:\/\/www.atewa.org\/index.php\/one-page-express\/","title":{"rendered":"Front Page"},"content":{"rendered":"[vc_row 0=&#8221;&#8221;][vc_column 0=&#8221;&#8221;][vc_column_text 0=&#8221;&#8221;]\n<div data-label=\"Content\" data-id=\"content-image-right\" data-category=\"content\" class=\"content-right-image-section\" id=\"content-4\" style=\"background-color: #ffffff;\">\n<div class=\"gridContainer\">\n<div class=\"content-right-image-gridcol\">\n<div class=\"content-right-image-textcol dynamic-color\" data-type=\"column\">\n<h2 class=\"\">\u00c2&nbsp;\u00c2&nbsp;\u00c2&nbsp;\u00c2&nbsp;\u00c2&nbsp;\u00c2&nbsp;\u00c2&nbsp;\u00c2&nbsp;\u00c2&nbsp;\u00c2&nbsp;\u00c2&nbsp;\u00c2&nbsp;\u00c2&nbsp;\u00c2&nbsp;\u00c2&nbsp; Who we are<\/h2>\n<div class=\"spacer\" data-type=\"group\"><span class=\"fa before\"><\/span><i class=\"fa fa-bandcamp\"><\/i><span class=\"fa after\"><\/span><\/div>\n<p class=\"large_text\">Lorem ipsum dolor sit amet, consectetur adipisicing elit, sed do eiusmod tempor incididunt ut labore et dolore magna aliqua. Ut enim ad minim veniam, quis nostrud exercitation ullamco laboris nisi ut aliquip ex ea commodo consequat.<\/p>\n<p>Lorem ipsum dolor sit amet, consectetur adipisicing elit, sed do eiusmod tempor incididunt ut labore et dolore magna aliqua. Ut enim ad minim veniam, quis nostrud exercitation ullamco laboris nisi ut aliquip ex ea commodo consequat. Lorem ipsum dolor sit amet, consectetur adipisicing elit, sed do eiusmod tempor incididunt ut labore et dolore magna aliqua. Ut enim ad minim veniam, quis nostrud exercitation ullamco laboris nisi ut aliquip ex ea commodo consequat.<\/p>\n<p><a class=\"button blue\" href=\"http:\/\/texti.me\/atewa\/index.php\/about\/\"> Learn More <\/a><\/p>\n<\/div>\n<div class=\"content-right-image-imgcol\" data-type=\"column\">\n<p><img decoding=\"async\" reiki_companion_plugin=\"\" src=\"http:\/\/texti.me\/atewa\/wp-content\/uploads\/2017\/06\/1.jpg\" class=\"\"><\/p>\n<\/div>\n<\/div>\n<\/div>\n<\/div>\n<div data-label=\"Sponsors\" data-id=\"clients-strip-section\" data-category=\"clients\" class=\"clients-strip-section\" id=\"sponsors\" style=\"background-color: #f6f6f6;\">\n<div class=\"row_187 gridContainer\" data-type=\"row\" data-add-content=\"false\">\n<h2 class=\"\">Our Sponsors<\/h2>\n<div class=\"clients-strip-itemcol cp4cols\">\n<div class=\"middle_align1\"><a href=\"#\"><img decoding=\"async\" class=\"clients-strip-itemimg\" src=\"http:\/\/texti.me\/atewa\/wp-content\/uploads\/2017\/07\/117810415.jpg\"><\/a><\/div>\n<\/div>\n<div class=\"clients-strip-itemcol cp4cols\">\n<div class=\"middle_align1\"><a href=\"#\"><img decoding=\"async\" class=\"clients-strip-itemimg\" src=\"http:\/\/texti.me\/atewa\/wp-content\/uploads\/2017\/07\/1715350632.jpg\"><\/a><\/div>\n<\/div>\n<div class=\"clients-strip-itemcol cp4cols\">\n<div class=\"middle_align1\"><a href=\"#\"><img decoding=\"async\" class=\"clients-strip-itemimg\" src=\"http:\/\/texti.me\/atewa\/wp-content\/uploads\/2017\/07\/1438571168.jpg\"><\/a><\/div>\n<\/div>\n<\/div>\n<\/div>\n<div data-label=\"Features\" data-id=\"features-square-image-section\" data-category=\"features\" class=\"features-square-image-section\" id=\"features-7\" style=\"background-color: #ffffff;\">\n<div class=\"gridContainer dynamic-color\">\n<div class=\"features-square-image-textrow\">\n<div class=\"features-square-image-textcol\" data-type=\"column\">\n<h2 class=\"\">A few things we\u00e2\u20ac\u2122re great at<\/h2>\n<p class=\"\">Lorem ipsum dolor sit amet, consectetur adipisicing elit, sed do eiusmod tempor incididunt ut labore et dolore magna aliqua. Ut enim ad minim veniam, quis nostrud exercitation.<\/p>\n<\/div>\n<\/div>\n<div class=\"features-square-image-innerrow\" data-type=\"row\">\n<div class=\"features-square-image-featcol cp4cols cp6cols-tablet\">\n<p><img decoding=\"async\" class=\"features-square-image-featimg\" src=\"http:\/\/texti.me\/atewa\/wp-content\/uploads\/2017\/07\/asw.jpg\"><\/p>\n<h4 class=\"\">Conservation<\/h4>\n<p class=\"\">Lorem ipsum dolor sit amet, consectetur adipisicing elit, sed do eiusmod tempor incididunt ut labore et dolore magna aliqua.<\/p>\n<p><a href=\"#\" class=\"\"><i class=\"font-icon-22 fa fa-arrow-circle-right\" data-cp-fa=\"true\"><\/i>\u00c2&nbsp;learn more<\/a><\/p>\n<\/div>\n<div class=\"features-square-image-featcol cp4cols cp6cols-tablet\">\n<p><img decoding=\"async\" class=\"features-square-image-featimg\" src=\"http:\/\/texti.me\/atewa\/wp-content\/uploads\/2017\/07\/asw.jpg\"><\/p>\n<h4 class=\"\">Community Assessment<\/h4>\n<p class=\"\">Lorem ipsum dolor sit amet, consectetur adipisicing elit, sed do eiusmod tempor incididunt ut labore et dolore magna aliqua.<\/p>\n<p><a href=\"#\" class=\"\"><i class=\"font-icon-22 fa fa-arrow-circle-right\" data-cp-fa=\"true\"><\/i>\u00c2&nbsp;learn more<\/a><\/p>\n<\/div>\n<div class=\"features-square-image-featcol cp4cols cp6cols-tablet\">\n<p><img decoding=\"async\" class=\"features-square-image-featimg\" src=\"http:\/\/texti.me\/atewa\/wp-content\/uploads\/2017\/07\/asw.jpg\"><\/p>\n<h4 class=\"\">Environmental Protection<\/h4>\n<p class=\"\">Lorem ipsum dolor sit amet, consectetur adipisicing elit, sed do eiusmod tempor incididunt ut labore et dolore magna aliqua.<\/p>\n<p><a href=\"#\" class=\"\"><i class=\"font-icon-22 fa fa-arrow-circle-right\" data-cp-fa=\"true\"><\/i>\u00c2&nbsp;learn more<\/a><\/p>\n<\/div>\n<\/div>\n<\/div>\n<\/div>\n<div data-label=\"Content\" data-id=\"content-full-left-image-section\" data-category=\"content\" class=\"content-full-left-image-section\" id=\"content-1\" style=\"background-color: #f6f6f6;\">\n<div class=\"content-full-left-image-innerrow gridContainer\">\n<div data-bg=\"image\" class=\"content-full-left-image-imgcol\" style=\"background-image: url('http:\/\/texti.me\/atewa\/wp-content\/uploads\/2017\/07\/14486406781393263662.jpg');\"><\/div>\n<div class=\"content-full-left-image-textcol dynamic-color\">\n<div data-type=\"column\" class=\"\">\n<h2 class=\"\">The Secret of Success<\/h2>\n<p class=\"\">Lorem ipsum dolor sit amet, consectetur adipisicing elit, sed do eiusmod tempor incididunt ut labore et dolore magna aliqua. Ut enim ad minim veniam, quis nostrud exercitation ullamco laboris nisi ut aliquip ex ea commodo consequat.<\/p>\n<\/div>\n<div class=\"content-full-left-image-featuresrow\">\n<div class=\"content-full-left-image-featurescol\" data-type=\"column\">\n<h5 class=\"\">CAMERA<\/h5>\n<p class=\"\">Lorem ipsum dolor sit amet, consectetur adipisicing elit.<\/p>\n<h5 class=\"\">MUSIC CENTER<\/h5>\n<p class=\"\">Lorem ipsum dolor sit amet, consectetur adipisicing elit.<\/p>\n<\/div>\n<div class=\"content-full-left-image-featurescol\" data-type=\"column\">\n<h5 class=\"\">MESSAGES<\/h5>\n<p class=\"\">Lorem ipsum dolor sit amet, consectetur adipisicing elit.<\/p>\n<h5 class=\"\">CHANNELS<\/h5>\n<p class=\"\">Lorem ipsum dolor sit amet, consectetur adipisicing elit.<\/p>\n<\/div>\n<\/div>\n<\/div>\n<\/div>\n<\/div>\n<div data-label=\"Portfolio\" data-id=\"portfolio-cards-section\" data-category=\"portfolio\" class=\"portfolio-cards-section\" id=\"portfolio-1\" style=\"background-color: #ffffff;\">\n<div class=\"gridContainer\">\n<div class=\"portfolio-cards-textcol dynamic-color\" data-type=\"column\">\n<h2 class=\"\">Check Out Our Projects<\/h2>\n<p class=\"\">Lorem ipsum dolor sit amet, consectetur adipisicing elit, sed do eiusmod tempor incididunt ut labore et dolore magna aliqua. Ut enim ad minim veniam, quis nostrud exercitation ullamco laboris.<\/p>\n<\/div>\n<div class=\"portfolio-cards-projectsro dark-text\" data-type=\"row\">\n<div class=\"portfolio-cards-projectcol cp4cols cp6cols-tablet\">\n<div class=\"portfolio-cards-projectcard\">\n<div class=\"contentswap-effect ContentSwap104\" hover-fx=\"ContentSwap104\" id=\"ContentSwap104\" is-hovered=\"0\">\n<div class=\"ContentSwap104_content initial-image\"><img decoding=\"async\" class=\"portfolio-cards-projectimg\" data-size=\"1200x800\" src=\"http:\/\/texti.me\/atewa\/wp-content\/uploads\/2017\/07\/cropped-mg6.jpg\"><\/div>\n<div class=\"overlay\" style=\"display: block; opacity: 1;\"><\/div>\n<div class=\"swap-inner\" style=\"opacity: 1; display: block;\">\n<div class=\"ContentSwap104-center\"><a href=\"#\" target=\"_self\" rel=\"noopener noreferrer\"><i class=\"portfolio-card-icon fa fa-search\" data-cp-fa=\"true\"><\/i><\/a><\/div>\n<\/div>\n<\/div>\n<div class=\"portfolio-cards-projectinfo\">\n<div class=\"portfolio-cards-projnamecol\" data-type=\"column\">\n<p><a href=\"#\" class=\"portfolio-cards-projlink\" target=\"_self\" rel=\"noopener noreferrer\"><\/a><\/p>\n<h4 class=\"portfolio-cards-projtitle\">Butterfly Species<\/h4>\n<p>&nbsp;<\/p>\n<\/div>\n<\/div>\n<\/div>\n<\/div>\n<div class=\"portfolio-cards-projectcol cp4cols cp6cols-tablet\">\n<div class=\"portfolio-cards-projectcard\">\n<div class=\"contentswap-effect ContentSwap104\" hover-fx=\"ContentSwap104\" id=\"ContentSwap104\" is-hovered=\"1\">\n<div class=\"ContentSwap104_content initial-image\"><img decoding=\"async\" class=\"portfolio-cards-projectimg\" data-size=\"1200x800\" src=\"http:\/\/texti.me\/atewa\/wp-content\/uploads\/2017\/07\/cropped-mg5.jpg\"><\/div>\n<div class=\"overlay\" style=\"display: block; opacity: 1;\"><\/div>\n<div class=\"swap-inner\" style=\"opacity: 1; display: block;\">\n<div class=\"ContentSwap104-center\"><a href=\"#\" target=\"_self\" rel=\"noopener noreferrer\"><i class=\"portfolio-card-icon fa fa-search\" data-cp-fa=\"true\"><\/i><\/a><\/div>\n<\/div>\n<\/div>\n<div class=\"portfolio-cards-projectinfo\">\n<div class=\"portfolio-cards-projnamecol\" data-type=\"column\">\n<p><a href=\"#\" class=\"portfolio-cards-projlink\" target=\"_self\" rel=\"noopener noreferrer\"><\/a><\/p>\n<h4 class=\"portfolio-cards-projtitle\">Frog Species<\/h4>\n<p>&nbsp;<\/p>\n<\/div>\n<\/div>\n<\/div>\n<\/div>\n<div class=\"portfolio-cards-projectcol cp4cols cp6cols-tablet\">\n<div class=\"portfolio-cards-projectcard\">\n<div class=\"contentswap-effect ContentSwap104\" hover-fx=\"ContentSwap104\" id=\"ContentSwap104\" is-hovered=\"1\">\n<div class=\"ContentSwap104_content initial-image\"><img decoding=\"async\" class=\"portfolio-cards-projectimg\" data-size=\"1200x800\" src=\"http:\/\/texti.me\/atewa\/wp-content\/uploads\/2017\/07\/cropped-mg7.jpg\"><\/div>\n<div class=\"overlay\" style=\"display: block; opacity: 1;\"><\/div>\n<div class=\"swap-inner\" style=\"opacity: 1; display: block;\">\n<div class=\"ContentSwap104-center\"><a href=\"#\" target=\"_self\" rel=\"noopener noreferrer\"><i class=\"portfolio-card-icon fa fa-search\" data-cp-fa=\"true\"><\/i><\/a><\/div>\n<\/div>\n<\/div>\n<div class=\"portfolio-cards-projectinfo\">\n<div class=\"portfolio-cards-projnamecol\" data-type=\"column\">\n<p><a href=\"#\" class=\"portfolio-cards-projlink\" target=\"_self\" rel=\"noopener noreferrer\"><\/a><\/p>\n<h4 class=\"portfolio-cards-projtitle\">Different Species<\/h4>\n<p>&nbsp;<\/p>\n<\/div>\n<\/div>\n<\/div>\n<\/div>\n<div class=\"portfolio-cards-projectcol cp4cols cp6cols-tablet\">\n<div class=\"portfolio-cards-projectcard\">\n<div class=\"contentswap-effect ContentSwap104\" hover-fx=\"ContentSwap104\" id=\"ContentSwap104\" is-hovered=\"1\">\n<div class=\"ContentSwap104_content initial-image\"><img decoding=\"async\" class=\"portfolio-cards-projectimg\" data-size=\"1200x800\" src=\"http:\/\/texti.me\/atewa\/wp-content\/uploads\/2017\/07\/cropped-mg4.jpg\"><\/div>\n<div class=\"overlay\" style=\"display: block; opacity: 1;\"><\/div>\n<div class=\"swap-inner\" style=\"opacity: 1; display: block;\">\n<div class=\"ContentSwap104-center\"><a href=\"#\" target=\"_self\" rel=\"noopener noreferrer\"><i class=\"portfolio-card-icon fa fa-search\" data-cp-fa=\"true\"><\/i><\/a><\/div>\n<\/div>\n<\/div>\n<div class=\"portfolio-cards-projectinfo\">\n<div class=\"portfolio-cards-projnamecol\" data-type=\"column\">\n<p><a href=\"#\" class=\"portfolio-cards-projlink\" target=\"_self\" rel=\"noopener noreferrer\"><\/a><\/p>\n<h4 class=\"portfolio-cards-projtitle\">Community Sensitization<\/h4>\n<p>&nbsp;<\/p>\n<\/div>\n<\/div>\n<\/div>\n<\/div>\n<div class=\"portfolio-cards-projectcol cp4cols cp6cols-tablet\">\n<div class=\"portfolio-cards-projectcard\">\n<div class=\"contentswap-effect ContentSwap104\" hover-fx=\"ContentSwap104\" id=\"ContentSwap104\" is-hovered=\"1\">\n<div class=\"ContentSwap104_content initial-image\"><img decoding=\"async\" class=\"portfolio-cards-projectimg\" data-size=\"1200x800\" src=\"http:\/\/texti.me\/atewa\/wp-content\/uploads\/2017\/07\/cropped-mg2.jpg\"><\/div>\n<div class=\"overlay\" style=\"display: block; opacity: 1;\"><\/div>\n<div class=\"swap-inner\" style=\"opacity: 1; display: block;\">\n<div class=\"ContentSwap104-center\"><a href=\"#\" target=\"_self\" rel=\"noopener noreferrer\"><i class=\"portfolio-card-icon fa fa-search\" data-cp-fa=\"true\"><\/i><\/a><\/div>\n<\/div>\n<\/div>\n<div class=\"portfolio-cards-projectinfo\">\n<div class=\"portfolio-cards-projnamecol\" data-type=\"column\">\n<p><a href=\"#\" class=\"portfolio-cards-projlink\" target=\"_self\" rel=\"noopener noreferrer\"><\/a><\/p>\n<h4 class=\"portfolio-cards-projtitle\">Living Water<\/h4>\n<p>&nbsp;<\/p>\n<\/div>\n<\/div>\n<\/div>\n<\/div>\n<div class=\"portfolio-cards-projectcol cp4cols cp6cols-tablet\">\n<div class=\"portfolio-cards-projectcard\">\n<div class=\"contentswap-effect ContentSwap104\" hover-fx=\"ContentSwap104\" id=\"ContentSwap104\" is-hovered=\"1\">\n<div class=\"ContentSwap104_content initial-image\"><img decoding=\"async\" class=\"portfolio-cards-projectimg\" data-size=\"1200x800\" src=\"http:\/\/texti.me\/atewa\/wp-content\/uploads\/2017\/07\/cropped-mg7-1.jpg\"><\/div>\n<div class=\"overlay\" style=\"display: block; opacity: 1;\"><\/div>\n<div class=\"swap-inner\" style=\"opacity: 1; display: block;\">\n<div class=\"ContentSwap104-center\"><a href=\"#\" target=\"_self\" rel=\"noopener noreferrer\"><i class=\"portfolio-card-icon fa fa-search\" data-cp-fa=\"true\"><\/i><\/a><\/div>\n<\/div>\n<\/div>\n<div class=\"portfolio-cards-projectinfo\">\n<div class=\"portfolio-cards-projnamecol\" data-type=\"column\">\n<p><a href=\"#\" class=\"portfolio-cards-projlink\" target=\"_self\" rel=\"noopener noreferrer\"><\/a><\/p>\n<h4 class=\"portfolio-cards-projtitle\">Flora and Fauna<\/h4>\n<p>&nbsp;<\/p>\n<\/div>\n<\/div>\n<\/div>\n<\/div>\n<\/div>\n<\/div>\n<\/div>\n<div data-label=\"Numbers\" data-id=\"numbers-section\" data-category=\"numbers\" data-bg=\"transparent\" class=\"numbers-section\" data-parallax-depth=\"20\" id=\"numbers\">\n<div class=\"gridContainer dynamic-color\">\n<div class=\"numbers-itemcol\">\n<h2 class=\"numbers-numbertext\">230<\/h2>\n<h3 class=\"numbers-titletext\">Outreaches<\/h3>\n<\/div>\n<div class=\"numbers-itemcol\">\n<h2 class=\"numbers-numbertext\">75340<\/h2>\n<h3 class=\"numbers-titletext\">Funds Raised<\/h3>\n<\/div>\n<div class=\"numbers-itemcol-last\">\n<h2 class=\"numbers-numbertext\">25<\/h2>\n<h3 class=\"numbers-titletext\">Communities<\/h3>\n<\/div>\n<\/div>\n<\/div>\n<div data-label=\"Clients\" data-id=\"clients-grid-section\" data-category=\"clients\" class=\"clients-grid-section\" id=\"clients-1\" style=\"background-color: #f6f6f6;\">\n<div class=\"gridContainer\">\n<div class=\"clients-grid-textrow row\" data-type=\"column\">\n<div data-type=\"column\" class=\"clients-grid-textcol dynamic-color\">\n<h2 class=\"\">Our Partners<\/h2>\n<p reiki_companion_plugin=\"\" class=\"\">Lorem ipsum dolor sit amet, consectetur adipisicing elit, sed do eiusmod tempor incididunt ut labore et dolore magna aliqua. Ut enim ad minim veniam, quis nostrud exercitation.<\/p>\n<\/div>\n<\/div>\n<div class=\"row\" data-type=\"row\" data-add-content=\"false\">\n<div class=\"clients-grid-itemcol cp3cols cp3cols-tablet\">\n<div class=\"middle_align5\"><a href=\"#\"><img decoding=\"async\" class=\"clients-grid-itemimg\" src=\"http:\/\/texti.me\/atewa\/wp-content\/uploads\/2017\/07\/1389649104.jpg\"><\/a><\/div>\n<\/div>\n<div class=\"clients-grid-itemcol cp3cols cp3cols-tablet\">\n<div class=\"middle_align5\"><a href=\"#\"><img decoding=\"async\" class=\"clients-grid-itemimg\" src=\"http:\/\/texti.me\/atewa\/wp-content\/uploads\/2017\/07\/704877682.jpg\"><\/a><\/div>\n<\/div>\n<div class=\"clients-grid-itemcol cp3cols cp3cols-tablet\">\n<div class=\"middle_align5\"><a href=\"#\"><img decoding=\"async\" class=\"clients-grid-itemimg\" src=\"http:\/\/texti.me\/atewa\/wp-content\/uploads\/2017\/07\/675546920.jpg\"> <\/a><\/div>\n<p><a href=\"#\" target=\"blank\" class=\"\" rel=\"noopener noreferrer\"> <\/a><\/p>\n<\/div>\n<p><a href=\"#\" target=\"blank\" rel=\"noopener noreferrer\"> <\/a><\/p>\n<div class=\"clients-grid-itemcol cp3cols cp3cols-tablet\">\n<p><a href=\"#\" target=\"blank\" class=\"\" rel=\"noopener noreferrer\"> <\/a><\/p>\n<div class=\"middle_align5\"><a href=\"#\" target=\"blank\" rel=\"noopener noreferrer\"><\/a><a href=\"#\"><img decoding=\"async\" class=\"clients-grid-itemimg\" src=\"http:\/\/texti.me\/atewa\/wp-content\/uploads\/2017\/07\/993581575.jpg\"><\/a><\/div>\n<\/div>\n<div class=\"clients-grid-itemcol cp3cols cp3cols-tablet\">\n<div class=\"middle_align5\"><a href=\"#\"><img decoding=\"async\" class=\"clients-grid-itemimg\" src=\"http:\/\/texti.me\/atewa\/wp-content\/uploads\/2017\/07\/1809419969.jpg\"><\/a><\/div>\n<\/div>\n<\/div>\n<\/div>\n<\/div>\n<div data-label=\"Contact\" data-id=\"contact-section\" data-category=\"contact\" data-bg=\"transparent\" class=\"contact-section-formsection white-text\" id=\"contact-4\">\n<div class=\"gridContainer\">\n<div class=\"row_224\">\n<div class=\"contact-textrow\">\n<div class=\"contact-textcol dynamic-color\">\n<h2 class=\"\">Lets hear from you<\/h2>\n<p class=\"white_text\">Lorem ipsum dolor sit amet, consectetur adipisicing elit, sed do eiusmod tempor incididunt ut labore et dolore magna aliqua.<\/p>\n<\/div>\n<\/div>\n<\/div>\n<div class=\"contact-formcol\" data-content-shortcode=\"one_page_express_contact_form shortcode=&quot;contact-form-7 id=&amp;amp;quot;97&amp;amp;quot; title=&amp;amp;quot;Contact form 1&amp;amp;quot;&quot;\" data-editable=\"true\">[one_page_express_contact_form shortcode=&#8221;contact-form-7 id=&amp;quot;97&amp;quot; title=&amp;quot;Contact form 1&amp;quot;&#8221;]<\/div>\n<\/div>\n<\/div>\n[\/vc_column_text][\/vc_column][\/vc_row]\n","protected":false},"excerpt":{"rendered":"<p>[vc_row 0=&#8221;&#8221;][vc_column 0=&#8221;&#8221;][vc_column_text 0=&#8221;&#8221;] \u00c2&nbsp;\u00c2&nbsp;\u00c2&nbsp;\u00c2&nbsp;\u00c2&nbsp;\u00c2&nbsp;\u00c2&nbsp;\u00c2&nbsp;\u00c2&nbsp;\u00c2&nbsp;\u00c2&nbsp;\u00c2&nbsp;\u00c2&nbsp;\u00c2&nbsp;\u00c2&nbsp; Who we are Lorem ipsum dolor sit amet, consectetur adipisicing elit, sed do eiusmod tempor incididunt ut labore et dolore magna aliqua. Ut enim ad minim veniam, quis nostrud exercitation ullamco laboris nisi ut aliquip ex ea commodo consequat. Lorem ipsum dolor sit amet, consectetur [&hellip;]<\/p>\n","protected":false},"author":1,"featured_media":0,"parent":0,"menu_order":0,"comment_status":"closed","ping_status":"closed","template":"","meta":{"give_campaign_id":0,"footnotes":""},"class_list":["post-1280","page","type-page","status-publish","hentry"],"aioseo_notices":[],"campaignId":"","rttpg_featured_image_url":null,"rttpg_author":{"display_name":"sa@dmin","author_link":"https:\/\/www.atewa.org\/index.php\/author\/sadmin\/"},"rttpg_comment":0,"rttpg_category":null,"rttpg_excerpt":"[vc_row 0=&#8221;&#8221;][vc_column 0=&#8221;&#8221;][vc_column_text 0=&#8221;&#8221;] \u00c2&nbsp;\u00c2&nbsp;\u00c2&nbsp;\u00c2&nbsp;\u00c2&nbsp;\u00c2&nbsp;\u00c2&nbsp;\u00c2&nbsp;\u00c2&nbsp;\u00c2&nbsp;\u00c2&nbsp;\u00c2&nbsp;\u00c2&nbsp;\u00c2&nbsp;\u00c2&nbsp; Who we are Lorem ipsum dolor sit amet, consectetur adipisicing elit, sed do eiusmod tempor incididunt ut labore et dolore magna aliqua. Ut enim ad minim veniam, quis nostrud exercitation ullamco laboris nisi ut aliquip ex ea commodo consequat. Lorem ipsum dolor sit amet, consectetur [&hellip;]","_links":{"self":[{"href":"https:\/\/www.atewa.org\/index.php\/wp-json\/wp\/v2\/pages\/1280","targetHints":{"allow":["GET"]}}],"collection":[{"href":"https:\/\/www.atewa.org\/index.php\/wp-json\/wp\/v2\/pages"}],"about":[{"href":"https:\/\/www.atewa.org\/index.php\/wp-json\/wp\/v2\/types\/page"}],"author":[{"embeddable":true,"href":"https:\/\/www.atewa.org\/index.php\/wp-json\/wp\/v2\/users\/1"}],"replies":[{"embeddable":true,"href":"https:\/\/www.atewa.org\/index.php\/wp-json\/wp\/v2\/comments?post=1280"}],"version-history":[{"count":25,"href":"https:\/\/www.atewa.org\/index.php\/wp-json\/wp\/v2\/pages\/1280\/revisions"}],"predecessor-version":[{"id":4347,"href":"https:\/\/www.atewa.org\/index.php\/wp-json\/wp\/v2\/pages\/1280\/revisions\/4347"}],"wp:attachment":[{"href":"https:\/\/www.atewa.org\/index.php\/wp-json\/wp\/v2\/media?parent=1280"}],"curies":[{"name":"wp","href":"https:\/\/api.w.org\/{rel}","templated":true}]}}